{"id":37310,"date":"2024-09-06T14:16:02","date_gmt":"2024-09-06T14:16:02","guid":{"rendered":"https:\/\/iahp.org\/hurt-children\/what-to-do-about-your-brain-injured-child-book\/"},"modified":"2025-01-23T17:14:14","modified_gmt":"2025-01-23T17:14:14","slug":"what-to-do-about-your-brain-injured-child-book","status":"publish","type":"page","link":"https:\/\/iahp.org\/es\/hurt-children\/what-to-do-about-your-brain-injured-child-book\/","title":{"rendered":"What To Do About Your Brain Injured Child Book &#8211; ES"},"content":{"rendered":"\t\t<div data-elementor-type=\"wp-page\" data-elementor-id=\"37310\" class=\"elementor elementor-37310 elementor-36681\" data-elementor-post-type=\"page\">\n\t\t\t\t\t\t<section data-particle_enable=\"false\" data-particle-mobile-disabled=\"false\" class=\"elementor-section elementor-top-section elementor-element elementor-element-35b275fd elementor-section-content-top elementor-reverse-mobile no-overflow elementor-section-boxed elementor-section-height-default elementor-section-height-default\" data-id=\"35b275fd\" data-element_type=\"section\" data-e-type=\"section\" data-settings=\"{&quot;background_background&quot;:&quot;classic&quot;}\">\n\t\t\t\t\t\t<div class=\"elementor-container elementor-column-gap-wide\">\n\t\t\t\t\t<div class=\"elementor-column elementor-col-50 elementor-top-column elementor-element elementor-element-55fc096d\" data-id=\"55fc096d\" data-element_type=\"column\" data-e-type=\"column\">\n\t\t\t<div class=\"elementor-widget-wrap elementor-element-populated\">\n\t\t\t\t\t\t<div class=\"elementor-element elementor-element-27c5f7f6 elementor-widget elementor-widget-heading\" data-id=\"27c5f7f6\" data-element_type=\"widget\" data-e-type=\"widget\" data-widget_type=\"heading.default\">\n\t\t\t\t<div class=\"elementor-widget-container\">\n\t\t\t\t\t<h2 class=\"elementor-heading-title elementor-size-default\"><span class=\"color-bl\">Nuestro libro:<\/span> <br>Qu\u00e9 hacer con su hijo con lesi\u00f3n cerebral<\/h2>\t\t\t\t<\/div>\n\t\t\t\t<\/div>\n\t\t\t\t<div class=\"elementor-element elementor-element-2649798 elementor-widget elementor-widget-text-editor\" data-id=\"2649798\" data-element_type=\"widget\" data-e-type=\"widget\" data-widget_type=\"text-editor.default\">\n\t\t\t\t<div class=\"elementor-widget-container\">\n\t\t\t\t\t\t\t\t\t<p>La preparaci\u00f3n m\u00e1s importante para un padre que asiste a uno de nuestros cursos para ni\u00f1os lesionados es leer este libro. En \u00e9l, nuestro fundador Glenn Doman cubre los aspectos b\u00e1sicos del desarrollo del cerebro lesionado y lo que se puede hacer para encaminar a un ni\u00f1o hacia la recuperaci\u00f3n.<\/p>\t\t\t\t\t\t\t\t<\/div>\n\t\t\t\t<\/div>\n\t\t\t\t<div class=\"elementor-element elementor-element-89325d4 elementor-mobile-align-justify elementor-widget elementor-widget-button\" data-id=\"89325d4\" data-element_type=\"widget\" data-e-type=\"widget\" data-widget_type=\"button.default\">\n\t\t\t\t<div class=\"elementor-widget-container\">\n\t\t\t\t\t\t\t\t\t<div class=\"elementor-button-wrapper\">\n\t\t\t\t\t<a class=\"elementor-button elementor-button-link elementor-size-lg\" href=\"https:\/\/iahp.org\/wp-content\/uploads\/2025\/01\/Que-hacer-por-su-hijo-con-lesion-cerebral.pdf-\u00b7-version-2.pdf\" target=\"_blank\">\n\t\t\t\t\t\t<span class=\"elementor-button-content-wrapper\">\n\t\t\t\t\t\t\t\t\t<span class=\"elementor-button-text\">Lea los primeros tres cap\u00edtulos<\/span>\n\t\t\t\t\t<\/span>\n\t\t\t\t\t<\/a>\n\t\t\t\t<\/div>\n\t\t\t\t\t\t\t\t<\/div>\n\t\t\t\t<\/div>\n\t\t\t\t<div class=\"elementor-element elementor-element-36e2bcff elementor-mobile-align-justify elementor-widget elementor-widget-button\" data-id=\"36e2bcff\" data-element_type=\"widget\" data-e-type=\"widget\" data-widget_type=\"button.default\">\n\t\t\t\t<div class=\"elementor-widget-container\">\n\t\t\t\t\t\t\t\t\t<div class=\"elementor-button-wrapper\">\n\t\t\t\t\t<a class=\"elementor-button elementor-button-link elementor-size-lg\" href=\"http:\/\/www.gentlerevolution.com\/mm5\/merchant.mvc?Screen=PROD&#038;Store_Code=G&#038;Product_Code=0219&#038;Category_Code=SpNeedsBks\" target=\"_blank\">\n\t\t\t\t\t\t<span class=\"elementor-button-content-wrapper\">\n\t\t\t\t\t\t\t\t\t<span class=\"elementor-button-text\">Consigue el libro ahora mismo<\/span>\n\t\t\t\t\t<\/span>\n\t\t\t\t\t<\/a>\n\t\t\t\t<\/div>\n\t\t\t\t\t\t\t\t<\/div>\n\t\t\t\t<\/div>\n\t\t\t\t\t<\/div>\n\t\t<\/div>\n\t\t\t\t<div class=\"elementor-column elementor-col-50 elementor-top-column elementor-element elementor-element-1791203e\" data-id=\"1791203e\" data-element_type=\"column\" data-e-type=\"column\">\n\t\t\t<div class=\"elementor-widget-wrap elementor-element-populated\">\n\t\t\t\t\t\t<div class=\"elementor-element elementor-element-1c39c8b elementor-widget elementor-widget-image\" data-id=\"1c39c8b\" data-element_type=\"widget\" data-e-type=\"widget\" data-widget_type=\"image.default\">\n\t\t\t\t<div class=\"elementor-widget-container\">\n\t\t\t\t\t\t\t\t\t\t\t\t\t\t\t<img fetchpriority=\"high\" decoding=\"async\" width=\"682\" height=\"1024\" src=\"https:\/\/iahp.org\/wp-content\/uploads\/2025\/01\/WTD-Spanish-1-682x1024.jpg\" class=\"attachment-large size-large wp-image-37317\" alt=\"\" srcset=\"https:\/\/iahp.org\/wp-content\/uploads\/2025\/01\/WTD-Spanish-1-682x1024.jpg 682w, https:\/\/iahp.org\/wp-content\/uploads\/2025\/01\/WTD-Spanish-1-200x300.jpg 200w, https:\/\/iahp.org\/wp-content\/uploads\/2025\/01\/WTD-Spanish-1-768x1153.jpg 768w, https:\/\/iahp.org\/wp-content\/uploads\/2025\/01\/WTD-Spanish-1-1023x1536.jpg 1023w, https:\/\/iahp.org\/wp-content\/uploads\/2025\/01\/WTD-Spanish-1-600x901.jpg 600w, https:\/\/iahp.org\/wp-content\/uploads\/2025\/01\/WTD-Spanish-1.jpg 1198w\" sizes=\"(max-width: 682px) 100vw, 682px\" \/>\t\t\t\t\t\t\t\t\t\t\t\t\t\t\t<\/div>\n\t\t\t\t<\/div>\n\t\t\t\t\t<\/div>\n\t\t<\/div>\n\t\t\t\t\t<\/div>\n\t\t<\/section>\n\t\t\t\t<\/div>\n\t\t","protected":false},"excerpt":{"rendered":"<p>Nuestro libro: Qu\u00e9 hacer con su hijo con lesi\u00f3n cerebral La preparaci\u00f3n m\u00e1s importante para un padre que asiste a<\/p>\n","protected":false},"author":54,"featured_media":0,"parent":32392,"menu_order":18,"comment_status":"closed","ping_status":"closed","template":"elementor_header_footer","meta":{"_acf_changed":false,"footnotes":""},"class_list":["post-37310","page","type-page","status-publish","hentry"],"acf":[],"yoast_head":"<!-- This site is optimized with the Yoast SEO plugin v27.3 - https:\/\/yoast.com\/product\/yoast-seo-wordpress\/ -->\n<title>What To Do About Your Brain Injured Child Book - ES - Institutes<\/title>\n<meta name=\"description\" content=\"We offer a range of comprehensive courses that help parents understand their brain-injured children, and give them the tools their children need to find wellness.\" \/>\n<meta name=\"robots\" content=\"index, follow, max-snippet:-1, max-image-preview:large, max-video-preview:-1\" \/>\n<link rel=\"canonical\" href=\"https:\/\/iahp.org\/es\/hurt-children\/what-to-do-about-your-brain-injured-child-book\/\" \/>\n<meta property=\"og:locale\" content=\"es_ES\" \/>\n<meta property=\"og:type\" content=\"article\" \/>\n<meta property=\"og:title\" content=\"What To Do About Your Brain Injured Child Book - ES - Institutes\" \/>\n<meta property=\"og:description\" content=\"We offer a range of comprehensive courses that help parents understand their brain-injured children, and give them the tools their children need to find wellness.\" \/>\n<meta property=\"og:url\" content=\"https:\/\/iahp.org\/es\/hurt-children\/what-to-do-about-your-brain-injured-child-book\/\" \/>\n<meta property=\"og:site_name\" content=\"Institutes\" \/>\n<meta property=\"article:publisher\" content=\"https:\/\/www.facebook.com\/IAHPinternational\" \/>\n<meta property=\"article:modified_time\" content=\"2025-01-23T17:14:14+00:00\" \/>\n<meta property=\"og:image\" content=\"https:\/\/iahp.org\/wp-content\/uploads\/2025\/01\/WTD-Spanish-1.jpg\" \/>\n\t<meta property=\"og:image:width\" content=\"1198\" \/>\n\t<meta property=\"og:image:height\" content=\"1798\" \/>\n\t<meta property=\"og:image:type\" content=\"image\/jpeg\" \/>\n<meta name=\"twitter:card\" content=\"summary_large_image\" \/>\n<meta name=\"twitter:label1\" content=\"Tiempo de lectura\" \/>\n\t<meta name=\"twitter:data1\" content=\"1 minuto\" \/>\n<script type=\"application\/ld+json\" class=\"yoast-schema-graph\">{\"@context\":\"https:\\\/\\\/schema.org\",\"@graph\":[{\"@type\":\"WebPage\",\"@id\":\"https:\\\/\\\/iahp.org\\\/es\\\/hurt-children\\\/what-to-do-about-your-brain-injured-child-book\\\/\",\"url\":\"https:\\\/\\\/iahp.org\\\/es\\\/hurt-children\\\/what-to-do-about-your-brain-injured-child-book\\\/\",\"name\":\"What To Do About Your Brain Injured Child Book - ES - Institutes\",\"isPartOf\":{\"@id\":\"https:\\\/\\\/iahp.org\\\/es\\\/#website\"},\"primaryImageOfPage\":{\"@id\":\"https:\\\/\\\/iahp.org\\\/es\\\/hurt-children\\\/what-to-do-about-your-brain-injured-child-book\\\/#primaryimage\"},\"image\":{\"@id\":\"https:\\\/\\\/iahp.org\\\/es\\\/hurt-children\\\/what-to-do-about-your-brain-injured-child-book\\\/#primaryimage\"},\"thumbnailUrl\":\"https:\\\/\\\/iahp.org\\\/wp-content\\\/uploads\\\/2025\\\/01\\\/WTD-Spanish-1-682x1024.jpg\",\"datePublished\":\"2024-09-06T14:16:02+00:00\",\"dateModified\":\"2025-01-23T17:14:14+00:00\",\"description\":\"We offer a range of comprehensive courses that help parents understand their brain-injured children, and give them the tools their children need to find wellness.\",\"breadcrumb\":{\"@id\":\"https:\\\/\\\/iahp.org\\\/es\\\/hurt-children\\\/what-to-do-about-your-brain-injured-child-book\\\/#breadcrumb\"},\"inLanguage\":\"es\",\"potentialAction\":[{\"@type\":\"ReadAction\",\"target\":[\"https:\\\/\\\/iahp.org\\\/es\\\/hurt-children\\\/what-to-do-about-your-brain-injured-child-book\\\/\"]}]},{\"@type\":\"ImageObject\",\"inLanguage\":\"es\",\"@id\":\"https:\\\/\\\/iahp.org\\\/es\\\/hurt-children\\\/what-to-do-about-your-brain-injured-child-book\\\/#primaryimage\",\"url\":\"https:\\\/\\\/iahp.org\\\/wp-content\\\/uploads\\\/2025\\\/01\\\/WTD-Spanish-1-682x1024.jpg\",\"contentUrl\":\"https:\\\/\\\/iahp.org\\\/wp-content\\\/uploads\\\/2025\\\/01\\\/WTD-Spanish-1-682x1024.jpg\"},{\"@type\":\"BreadcrumbList\",\"@id\":\"https:\\\/\\\/iahp.org\\\/es\\\/hurt-children\\\/what-to-do-about-your-brain-injured-child-book\\\/#breadcrumb\",\"itemListElement\":[{\"@type\":\"ListItem\",\"position\":1,\"name\":\"Home\",\"item\":\"https:\\\/\\\/iahp.org\\\/es\\\/\"},{\"@type\":\"ListItem\",\"position\":2,\"name\":\"Hurt Children\",\"item\":\"https:\\\/\\\/iahp.org\\\/es\\\/hurt-children\\\/\"},{\"@type\":\"ListItem\",\"position\":3,\"name\":\"What To Do About Your Brain Injured Child Book &#8211; ES\"}]},{\"@type\":\"WebSite\",\"@id\":\"https:\\\/\\\/iahp.org\\\/es\\\/#website\",\"url\":\"https:\\\/\\\/iahp.org\\\/es\\\/\",\"name\":\"Institutes\",\"description\":\"The Official Website\",\"publisher\":{\"@id\":\"https:\\\/\\\/iahp.org\\\/es\\\/#organization\"},\"potentialAction\":[{\"@type\":\"SearchAction\",\"target\":{\"@type\":\"EntryPoint\",\"urlTemplate\":\"https:\\\/\\\/iahp.org\\\/es\\\/?s={search_term_string}\"},\"query-input\":{\"@type\":\"PropertyValueSpecification\",\"valueRequired\":true,\"valueName\":\"search_term_string\"}}],\"inLanguage\":\"es\"},{\"@type\":\"Organization\",\"@id\":\"https:\\\/\\\/iahp.org\\\/es\\\/#organization\",\"name\":\"The Institutes for the Achievement of Human Potential\",\"url\":\"https:\\\/\\\/iahp.org\\\/es\\\/\",\"logo\":{\"@type\":\"ImageObject\",\"inLanguage\":\"es\",\"@id\":\"https:\\\/\\\/iahp.org\\\/es\\\/#\\\/schema\\\/logo\\\/image\\\/\",\"url\":\"https:\\\/\\\/iahp.org\\\/wp-content\\\/uploads\\\/2021\\\/02\\\/iahp-logo-vector-bigger-text.svg\",\"contentUrl\":\"https:\\\/\\\/iahp.org\\\/wp-content\\\/uploads\\\/2021\\\/02\\\/iahp-logo-vector-bigger-text.svg\",\"width\":280,\"height\":76,\"caption\":\"The Institutes for the Achievement of Human Potential\"},\"image\":{\"@id\":\"https:\\\/\\\/iahp.org\\\/es\\\/#\\\/schema\\\/logo\\\/image\\\/\"},\"sameAs\":[\"https:\\\/\\\/www.facebook.com\\\/IAHPinternational\"]}]}<\/script>\n<!-- \/ Yoast SEO plugin. -->","yoast_head_json":{"title":"What To Do About Your Brain Injured Child Book - ES - Institutes","description":"We offer a range of comprehensive courses that help parents understand their brain-injured children, and give them the tools their children need to find wellness.","robots":{"index":"index","follow":"follow","max-snippet":"max-snippet:-1","max-image-preview":"max-image-preview:large","max-video-preview":"max-video-preview:-1"},"canonical":"https:\/\/iahp.org\/es\/hurt-children\/what-to-do-about-your-brain-injured-child-book\/","og_locale":"es_ES","og_type":"article","og_title":"What To Do About Your Brain Injured Child Book - ES - Institutes","og_description":"We offer a range of comprehensive courses that help parents understand their brain-injured children, and give them the tools their children need to find wellness.","og_url":"https:\/\/iahp.org\/es\/hurt-children\/what-to-do-about-your-brain-injured-child-book\/","og_site_name":"Institutes","article_publisher":"https:\/\/www.facebook.com\/IAHPinternational","article_modified_time":"2025-01-23T17:14:14+00:00","og_image":[{"width":1198,"height":1798,"url":"https:\/\/iahp.org\/wp-content\/uploads\/2025\/01\/WTD-Spanish-1.jpg","type":"image\/jpeg"}],"twitter_card":"summary_large_image","twitter_misc":{"Tiempo de lectura":"1 minuto"},"schema":{"@context":"https:\/\/schema.org","@graph":[{"@type":"WebPage","@id":"https:\/\/iahp.org\/es\/hurt-children\/what-to-do-about-your-brain-injured-child-book\/","url":"https:\/\/iahp.org\/es\/hurt-children\/what-to-do-about-your-brain-injured-child-book\/","name":"What To Do About Your Brain Injured Child Book - ES - Institutes","isPartOf":{"@id":"https:\/\/iahp.org\/es\/#website"},"primaryImageOfPage":{"@id":"https:\/\/iahp.org\/es\/hurt-children\/what-to-do-about-your-brain-injured-child-book\/#primaryimage"},"image":{"@id":"https:\/\/iahp.org\/es\/hurt-children\/what-to-do-about-your-brain-injured-child-book\/#primaryimage"},"thumbnailUrl":"https:\/\/iahp.org\/wp-content\/uploads\/2025\/01\/WTD-Spanish-1-682x1024.jpg","datePublished":"2024-09-06T14:16:02+00:00","dateModified":"2025-01-23T17:14:14+00:00","description":"We offer a range of comprehensive courses that help parents understand their brain-injured children, and give them the tools their children need to find wellness.","breadcrumb":{"@id":"https:\/\/iahp.org\/es\/hurt-children\/what-to-do-about-your-brain-injured-child-book\/#breadcrumb"},"inLanguage":"es","potentialAction":[{"@type":"ReadAction","target":["https:\/\/iahp.org\/es\/hurt-children\/what-to-do-about-your-brain-injured-child-book\/"]}]},{"@type":"ImageObject","inLanguage":"es","@id":"https:\/\/iahp.org\/es\/hurt-children\/what-to-do-about-your-brain-injured-child-book\/#primaryimage","url":"https:\/\/iahp.org\/wp-content\/uploads\/2025\/01\/WTD-Spanish-1-682x1024.jpg","contentUrl":"https:\/\/iahp.org\/wp-content\/uploads\/2025\/01\/WTD-Spanish-1-682x1024.jpg"},{"@type":"BreadcrumbList","@id":"https:\/\/iahp.org\/es\/hurt-children\/what-to-do-about-your-brain-injured-child-book\/#breadcrumb","itemListElement":[{"@type":"ListItem","position":1,"name":"Home","item":"https:\/\/iahp.org\/es\/"},{"@type":"ListItem","position":2,"name":"Hurt Children","item":"https:\/\/iahp.org\/es\/hurt-children\/"},{"@type":"ListItem","position":3,"name":"What To Do About Your Brain Injured Child Book &#8211; ES"}]},{"@type":"WebSite","@id":"https:\/\/iahp.org\/es\/#website","url":"https:\/\/iahp.org\/es\/","name":"Institutes","description":"The Official Website","publisher":{"@id":"https:\/\/iahp.org\/es\/#organization"},"potentialAction":[{"@type":"SearchAction","target":{"@type":"EntryPoint","urlTemplate":"https:\/\/iahp.org\/es\/?s={search_term_string}"},"query-input":{"@type":"PropertyValueSpecification","valueRequired":true,"valueName":"search_term_string"}}],"inLanguage":"es"},{"@type":"Organization","@id":"https:\/\/iahp.org\/es\/#organization","name":"The Institutes for the Achievement of Human Potential","url":"https:\/\/iahp.org\/es\/","logo":{"@type":"ImageObject","inLanguage":"es","@id":"https:\/\/iahp.org\/es\/#\/schema\/logo\/image\/","url":"https:\/\/iahp.org\/wp-content\/uploads\/2021\/02\/iahp-logo-vector-bigger-text.svg","contentUrl":"https:\/\/iahp.org\/wp-content\/uploads\/2021\/02\/iahp-logo-vector-bigger-text.svg","width":280,"height":76,"caption":"The Institutes for the Achievement of Human Potential"},"image":{"@id":"https:\/\/iahp.org\/es\/#\/schema\/logo\/image\/"},"sameAs":["https:\/\/www.facebook.com\/IAHPinternational"]}]}},"_links":{"self":[{"href":"https:\/\/iahp.org\/es\/wp-json\/wp\/v2\/pages\/37310","targetHints":{"allow":["GET"]}}],"collection":[{"href":"https:\/\/iahp.org\/es\/wp-json\/wp\/v2\/pages"}],"about":[{"href":"https:\/\/iahp.org\/es\/wp-json\/wp\/v2\/types\/page"}],"author":[{"embeddable":true,"href":"https:\/\/iahp.org\/es\/wp-json\/wp\/v2\/users\/54"}],"replies":[{"embeddable":true,"href":"https:\/\/iahp.org\/es\/wp-json\/wp\/v2\/comments?post=37310"}],"version-history":[{"count":25,"href":"https:\/\/iahp.org\/es\/wp-json\/wp\/v2\/pages\/37310\/revisions"}],"predecessor-version":[{"id":37350,"href":"https:\/\/iahp.org\/es\/wp-json\/wp\/v2\/pages\/37310\/revisions\/37350"}],"up":[{"embeddable":true,"href":"https:\/\/iahp.org\/es\/wp-json\/wp\/v2\/pages\/32392"}],"wp:attachment":[{"href":"https:\/\/iahp.org\/es\/wp-json\/wp\/v2\/media?parent=37310"}],"curies":[{"name":"wp","href":"https:\/\/api.w.org\/{rel}","templated":true}]}}