{"id":32443,"date":"2020-06-04T18:48:45","date_gmt":"2020-06-04T18:48:45","guid":{"rendered":"https:\/\/iahp.org\/privacy-policy\/"},"modified":"2024-04-03T16:16:46","modified_gmt":"2024-04-03T16:16:46","slug":"privacy-policy","status":"publish","type":"page","link":"https:\/\/iahp.org\/es\/privacy-policy\/","title":{"rendered":"Privacy Policy"},"content":{"rendered":"\t\t<div data-elementor-type=\"wp-page\" data-elementor-id=\"32443\" class=\"elementor elementor-32443 elementor-1837\" data-elementor-post-type=\"page\">\n\t\t\t\t\t\t<section data-particle_enable=\"false\" data-particle-mobile-disabled=\"false\" class=\"elementor-section elementor-inner-section elementor-element elementor-element-56bdded2 elementor-section-boxed elementor-section-height-default elementor-section-height-default\" data-id=\"56bdded2\" data-element_type=\"section\" data-e-type=\"section\" data-settings=\"{&quot;background_background&quot;:&quot;classic&quot;}\">\n\t\t\t\t\t\t<div class=\"elementor-container elementor-column-gap-default\">\n\t\t\t\t\t<div class=\"elementor-column elementor-col-100 elementor-inner-column elementor-element elementor-element-3fd518ee\" data-id=\"3fd518ee\" data-element_type=\"column\" data-e-type=\"column\">\n\t\t\t<div class=\"elementor-widget-wrap elementor-element-populated\">\n\t\t\t\t\t\t<div class=\"elementor-element elementor-element-ac05c8d elementor-widget elementor-widget-heading\" data-id=\"ac05c8d\" data-element_type=\"widget\" data-e-type=\"widget\" data-widget_type=\"heading.default\">\n\t\t\t\t<div class=\"elementor-widget-container\">\n\t\t\t\t\t<h1 class=\"elementor-heading-title elementor-size-default\">Nuestra Pol\u00edtica de Privacidad<\/h1>\t\t\t\t<\/div>\n\t\t\t\t<\/div>\n\t\t\t\t<div class=\"elementor-element elementor-element-1cee3dba elementor-widget elementor-widget-text-editor\" data-id=\"1cee3dba\" data-element_type=\"widget\" data-e-type=\"widget\" data-widget_type=\"text-editor.default\">\n\t\t\t\t<div class=\"elementor-widget-container\">\n\t\t\t\t\t\t\t\t\t<p><span lang=\"ES-MX\" style=\"font-size: 13.5pt; color: black;\">Gracias por visitar a Los Institutos para el Logro del Potencial Humano \u201cThe Institutes for the Achievement of Human Potential\u201d. Proporcionamos esta declaraci\u00f3n para explicar nuestras pr\u00e1cticas de informaci\u00f3n en l\u00ednea y las opciones que puede tomar sobre la forma en que se recopila y utiliza su informaci\u00f3n personal en The Institutes for the Achievement of Human Potential.<\/span><\/p>\t\t\t\t\t\t\t\t<\/div>\n\t\t\t\t<\/div>\n\t\t\t\t\t<\/div>\n\t\t<\/div>\n\t\t\t\t\t<\/div>\n\t\t<\/section>\n\t\t\t\t<section data-particle_enable=\"false\" data-particle-mobile-disabled=\"false\" class=\"elementor-section elementor-top-section elementor-element elementor-element-9d56d32 elementor-section-full_width elementor-section-height-default elementor-section-height-default\" data-id=\"9d56d32\" data-element_type=\"section\" data-e-type=\"section\">\n\t\t\t\t\t\t<div class=\"elementor-container elementor-column-gap-no\">\n\t\t\t\t\t<div class=\"elementor-column elementor-col-100 elementor-top-column elementor-element elementor-element-c26fc2e\" data-id=\"c26fc2e\" data-element_type=\"column\" data-e-type=\"column\">\n\t\t\t<div class=\"elementor-widget-wrap elementor-element-populated\">\n\t\t\t\t\t\t<section data-particle_enable=\"false\" data-particle-mobile-disabled=\"false\" class=\"elementor-section elementor-inner-section elementor-element elementor-element-b34fedd elementor-section-boxed elementor-section-height-default elementor-section-height-default\" data-id=\"b34fedd\" data-element_type=\"section\" data-e-type=\"section\">\n\t\t\t\t\t\t<div class=\"elementor-container elementor-column-gap-default\">\n\t\t\t\t\t<div class=\"elementor-column elementor-col-100 elementor-inner-column elementor-element elementor-element-aa149bd\" data-id=\"aa149bd\" data-element_type=\"column\" data-e-type=\"column\">\n\t\t\t<div class=\"elementor-widget-wrap elementor-element-populated\">\n\t\t\t\t\t\t<div class=\"elementor-element elementor-element-dc281b9 elementor-widget elementor-widget-heading\" data-id=\"dc281b9\" data-element_type=\"widget\" data-e-type=\"widget\" data-widget_type=\"heading.default\">\n\t\t\t\t<div class=\"elementor-widget-container\">\n\t\t\t\t\t<h2 class=\"elementor-heading-title elementor-size-default\">La Informaci\u00f3n que Recopilamos<\/h2>\t\t\t\t<\/div>\n\t\t\t\t<\/div>\n\t\t\t\t<div class=\"elementor-element elementor-element-2ea7fa3 elementor-widget elementor-widget-text-editor\" data-id=\"2ea7fa3\" data-element_type=\"widget\" data-e-type=\"widget\" data-widget_type=\"text-editor.default\">\n\t\t\t\t<div class=\"elementor-widget-container\">\n\t\t\t\t\t\t\t\t\t<p><span lang=\"ES-MX\" style=\"font-size: 13.5pt; color: black;\">Tu privacidad es importante para nosotros.<\/span><\/p><p><span lang=\"ES-MX\" style=\"font-size: 13.5pt; color: black;\">En Los Institutos para el Logro del Potencial Humano, puede suscribirse al bolet\u00edn electr\u00f3nico y varios otros servicios de Los Institutos para el Logro del Potencial Humano, acceder e interactuar con contenido exclusivo para miembros y enviar diversas consultas y solicitudes. A menudo, buscamos recopilar diversos tipos de informaci\u00f3n personal de usted, especialmente para convertirse en un miembro registrado y acceder al contenido exclusivo para miembros. Ejemplos de los tipos de Informaci\u00f3n Personal Identificable (en adelante referida como \u00abPII\u00bb) que pueden recopilarse en estas p\u00e1ginas incluyen: nombre, direcci\u00f3n postal, direcci\u00f3n de correo electr\u00f3nico, n\u00famero de tel\u00e9fono, n\u00famero de fax, informaci\u00f3n sobre tus intereses y uso de diversos productos, programas y servicios. No todo es obligatorio, aunque se alienta para fines de intercambio de comentarios y mejorar nuestros servicios. Las personas que deseen convertirse en miembros registrados y acceder y\/o contribuir al contenido exclusivo para miembros deber\u00e1n enviar informaci\u00f3n b\u00e1sica como nombres completos y direcciones de correo electr\u00f3nico.<\/span><\/p>\t\t\t\t\t\t\t\t<\/div>\n\t\t\t\t<\/div>\n\t\t\t\t<div class=\"elementor-element elementor-element-32440b1 elementor-widget elementor-widget-heading\" data-id=\"32440b1\" data-element_type=\"widget\" data-e-type=\"widget\" data-widget_type=\"heading.default\">\n\t\t\t\t<div class=\"elementor-widget-container\">\n\t\t\t\t\t<h2 class=\"elementor-heading-title elementor-size-default\">\u00bfC\u00f3mo utilizamos la informaci\u00f3n?\n<\/h2>\t\t\t\t<\/div>\n\t\t\t\t<\/div>\n\t\t\t\t<div class=\"elementor-element elementor-element-c70bfa3 elementor-widget elementor-widget-text-editor\" data-id=\"c70bfa3\" data-element_type=\"widget\" data-e-type=\"widget\" data-widget_type=\"text-editor.default\">\n\t\t\t\t<div class=\"elementor-widget-container\">\n\t\t\t\t\t\t\t\t\t<p><span lang=\"ES-MX\" style=\"font-size: 13.5pt; color: black;\">Podemos utilizar la informaci\u00f3n que proporciona sobre usted mismo para cumplir con sus solicitudes, responder a sus consultas, ofrecerle productos o servicios que creemos pueden ser aplicables a usted o a las personas cuya informaci\u00f3n ha enviado, hacer cumplir los t\u00e9rminos legales que rigen su uso de nuestro sitio y su contenido, y\/o utilizarla para otros fines declarados para los cuales usted proporciona la informaci\u00f3n. A veces, utilizamos esta informaci\u00f3n para comunicarnos con usted acerca de su cuenta de miembro y notificarle sobre cambios en las pol\u00edticas. Ocasionalmente, tambi\u00e9n podemos utilizar esta informaci\u00f3n en combinaci\u00f3n con otras fuentes de informaci\u00f3n sobre usted para cumplir con nuestra capacidad de proporcionar nuestros productos y servicios. A veces, utilizamos informaci\u00f3n no identificable personalmente (PII) para mejorar el contenido, el dise\u00f1o y el rendimiento de nuestros sitios, analizar el uso de nuestros sitios, ofrecer anuncios y mensajes de marketing relevantes y personalizar su experiencia en el sitio.<\/span><\/p>\t\t\t\t\t\t\t\t<\/div>\n\t\t\t\t<\/div>\n\t\t\t\t<div class=\"elementor-element elementor-element-8aef0b9 elementor-widget elementor-widget-heading\" data-id=\"8aef0b9\" data-element_type=\"widget\" data-e-type=\"widget\" data-widget_type=\"heading.default\">\n\t\t\t\t<div class=\"elementor-widget-container\">\n\t\t\t\t\t<h2 class=\"elementor-heading-title elementor-size-default\">Intercambio y divulgaci\u00f3n de informaci\u00f3n <\/h2>\t\t\t\t<\/div>\n\t\t\t\t<\/div>\n\t\t\t\t<div class=\"elementor-element elementor-element-a3a6125 elementor-widget elementor-widget-text-editor\" data-id=\"a3a6125\" data-element_type=\"widget\" data-e-type=\"widget\" data-widget_type=\"text-editor.default\">\n\t\t\t\t<div class=\"elementor-widget-container\">\n\t\t\t\t\t\t\t\t\t<p><span lang=\"ES-MX\" style=\"font-size: 13.5pt; color: black;\">Podemos divulgar informaci\u00f3n identificable personalmente (PII) en respuesta a un proceso legal, por ejemplo, en respuesta a una orden judicial o citaci\u00f3n. Tambi\u00e9n podemos divulgar dicha informaci\u00f3n en respuesta a una solicitud de una agencia de aplicaci\u00f3n de la ley o cuando creemos que es necesario investigar, prevenir o tomar medidas con respecto a actividades ilegales, sospecha de fraude, amenazas potenciales a la seguridad f\u00edsica de cualquier persona, violaciones de nuestros t\u00e9rminos de uso, para verificar o hacer cumplir el cumplimiento con las pol\u00edticas que rigen nuestros sitios y las leyes aplicables, o seg\u00fan lo requiera o permita la ley o de acuerdo con los requisitos legales. Nuestros agentes y contratistas que tienen acceso a PII est\u00e1n obligados a proteger esta informaci\u00f3n de una manera consistente con esta declaraci\u00f3n de privacidad, por ejemplo, no utilizando la informaci\u00f3n para ning\u00fan prop\u00f3sito que no sea llevar a cabo los servicios que est\u00e1n realizando para nosotros. Aunque tomamos medidas apropiadas para proteger contra divulgaciones no autorizadas de informaci\u00f3n, no podemos asegurarte que la PII que recopilamos nunca se divulgar\u00e1 de una manera que sea inconsistente con esta declaraci\u00f3n de privacidad. Podemos divulgar PII a terceros cuyas pr\u00e1cticas no est\u00e9n cubiertas por esta declaraci\u00f3n de privacidad (por ejemplo, otros especialistas en marketing, editores, minoristas, bases de datos participativas y organizaciones sin fines de lucro) que deseen comercializar productos o servicios para ti. Si te has registrado para recibir nuestros correos electr\u00f3nicos y prefieres no recibir actualizaciones de este sitio, sigue las instrucciones de \u00abcancelar suscripci\u00f3n\u00bb proporcionadas en cualquier correo electr\u00f3nico que recibas de este sitio de forma peri\u00f3dica.<\/span><\/p>\t\t\t\t\t\t\t\t<\/div>\n\t\t\t\t<\/div>\n\t\t\t\t<div class=\"elementor-element elementor-element-ab2abaf elementor-widget elementor-widget-heading\" data-id=\"ab2abaf\" data-element_type=\"widget\" data-e-type=\"widget\" data-widget_type=\"heading.default\">\n\t\t\t\t<div class=\"elementor-widget-container\">\n\t\t\t\t\t<h2 class=\"elementor-heading-title elementor-size-default\">Informaci\u00f3n m\u00e9dica<\/h2>\t\t\t\t<\/div>\n\t\t\t\t<\/div>\n\t\t\t\t<div class=\"elementor-element elementor-element-010bfb3 elementor-widget elementor-widget-text-editor\" data-id=\"010bfb3\" data-element_type=\"widget\" data-e-type=\"widget\" data-widget_type=\"text-editor.default\">\n\t\t\t\t<div class=\"elementor-widget-container\">\n\t\t\t\t\t\t\t\t\t<p><span lang=\"ES-MX\" style=\"font-size: 13.5pt; color: black;\">El contenido en este sitio se proporciona \u00fanicamente con fines educativos e informativos y no constituye asesoramiento m\u00e9dico, ni tiene la intenci\u00f3n de ser un sustituto de la consulta con un proveedor de atenci\u00f3n m\u00e9dica. No interrumpas el uso de medicamentos recetados ni termines ni modifiques de otra manera los programas de tratamiento existentes sin consultar a tu propio m\u00e9dico o proveedor de atenci\u00f3n m\u00e9dica. Adem\u00e1s, consulta con tu proveedor de atenci\u00f3n m\u00e9dica sobre la aplicabilidad de cualquiera de las recomendaciones expresadas por Los Institutos con respecto a tus propias condiciones individuales antes de adoptar esas recomendaciones.<\/span><\/p>\t\t\t\t\t\t\t\t<\/div>\n\t\t\t\t<\/div>\n\t\t\t\t<div class=\"elementor-element elementor-element-9e97081 elementor-widget elementor-widget-heading\" data-id=\"9e97081\" data-element_type=\"widget\" data-e-type=\"widget\" data-widget_type=\"heading.default\">\n\t\t\t\t<div class=\"elementor-widget-container\">\n\t\t\t\t\t<h2 class=\"elementor-heading-title elementor-size-default\">Transferencia internacional<\/h2>\t\t\t\t<\/div>\n\t\t\t\t<\/div>\n\t\t\t\t<div class=\"elementor-element elementor-element-8b2f1cd elementor-widget elementor-widget-text-editor\" data-id=\"8b2f1cd\" data-element_type=\"widget\" data-e-type=\"widget\" data-widget_type=\"text-editor.default\">\n\t\t\t\t<div class=\"elementor-widget-container\">\n\t\t\t\t\t\t\t\t\t<p><span lang=\"ES-MX\" style=\"font-size: 13.5pt; color: black;\">Los Institutos para el Logro del Potencial Humano operan a nivel global, por lo que puede ser necesario transferir su informaci\u00f3n a nivel internacional. En particular, es probable que su informaci\u00f3n se transfiera y procese en los Estados Unidos, donde se encuentran nuestros servidores. Las leyes de los pa\u00edses a trav\u00e9s de los cuales se puede transferir tu informaci\u00f3n (generalmente los Estados Unidos) pueden diferir de las leyes de tu pa\u00eds. Ten la seguridad de que tomamos medidas razonables para garantizar la protecci\u00f3n de tu privacidad. Al utilizar este sitio, das tu consentimiento para que tu informaci\u00f3n se recopile y utilice seg\u00fan se establece en esta declaraci\u00f3n de privacidad.<\/span><\/p>\t\t\t\t\t\t\t\t<\/div>\n\t\t\t\t<\/div>\n\t\t\t\t<div class=\"elementor-element elementor-element-6bead17 elementor-widget elementor-widget-heading\" data-id=\"6bead17\" data-element_type=\"widget\" data-e-type=\"widget\" data-widget_type=\"heading.default\">\n\t\t\t\t<div class=\"elementor-widget-container\">\n\t\t\t\t\t<h2 class=\"elementor-heading-title elementor-size-default\">Nuestro compromiso con la seguridad<\/h2>\t\t\t\t<\/div>\n\t\t\t\t<\/div>\n\t\t\t\t<div class=\"elementor-element elementor-element-8253e1c elementor-widget elementor-widget-text-editor\" data-id=\"8253e1c\" data-element_type=\"widget\" data-e-type=\"widget\" data-widget_type=\"text-editor.default\">\n\t\t\t\t<div class=\"elementor-widget-container\">\n\t\t\t\t\t\t\t\t\t<p>Contamos con procedimientos f\u00edsicos, electr\u00f3nicos y administrativos apropiados para salvaguardar y ayudar a prevenir el acceso no autorizado, mantener la seguridad de los datos y utilizar correctamente la informaci\u00f3n que recopilamos en l\u00ednea.<\/p>\t\t\t\t\t\t\t\t<\/div>\n\t\t\t\t<\/div>\n\t\t\t\t<div class=\"elementor-element elementor-element-a06ce02 elementor-widget elementor-widget-heading\" data-id=\"a06ce02\" data-element_type=\"widget\" data-e-type=\"widget\" data-widget_type=\"heading.default\">\n\t\t\t\t<div class=\"elementor-widget-container\">\n\t\t\t\t\t<h2 class=\"elementor-heading-title elementor-size-default\">Actualizaciones y Fecha de Vigencia<\/h2>\t\t\t\t<\/div>\n\t\t\t\t<\/div>\n\t\t\t\t<div class=\"elementor-element elementor-element-66710ed elementor-widget elementor-widget-text-editor\" data-id=\"66710ed\" data-element_type=\"widget\" data-e-type=\"widget\" data-widget_type=\"text-editor.default\">\n\t\t\t\t<div class=\"elementor-widget-container\">\n\t\t\t\t\t\t\t\t\t<p>De vez en cuando, podemos actualizar esta pol\u00edtica de privacidad. Colocaremos un aviso en nuestro sitio cada vez que haya cambios en la forma en que tratamos la informaci\u00f3n personal identificable (PII, por sus siglas en ingl\u00e9s). Le animamos a revisar peri\u00f3dicamente esta pol\u00edtica de privacidad y los t\u00e9rminos de uso para que siempre sepa c\u00f3mo recopilamos informaci\u00f3n y comprenda los t\u00e9rminos que rigen a Los Institutos para el Logro del Potencial Humano. Esta Pol\u00edtica de Privacidad se actualiz\u00f3 el&#8230; \u201c3 de enero del 2024\u201d \u00a0<\/p>\t\t\t\t\t\t\t\t<\/div>\n\t\t\t\t<\/div>\n\t\t\t\t\t<\/div>\n\t\t<\/div>\n\t\t\t\t\t<\/div>\n\t\t<\/section>\n\t\t\t\t\t<\/div>\n\t\t<\/div>\n\t\t\t\t\t<\/div>\n\t\t<\/section>\n\t\t\t\t<\/div>\n\t\t","protected":false},"excerpt":{"rendered":"<p>Nuestra Pol\u00edtica de Privacidad Gracias por visitar a Los Institutos para el Logro del Potencial Humano \u201cThe Institutes for the<\/p>\n","protected":false},"author":2,"featured_media":0,"parent":0,"menu_order":22,"comment_status":"closed","ping_status":"closed","template":"elementor_header_footer","meta":{"_acf_changed":false,"footnotes":""},"class_list":["post-32443","page","type-page","status-publish","hentry"],"acf":[],"yoast_head":"<!-- This site is optimized with the Yoast SEO plugin v27.4 - https:\/\/yoast.com\/product\/yoast-seo-wordpress\/ -->\n<title>Privacy Policy - Institutes<\/title>\n<meta name=\"description\" content=\"Your privacy is important to us. As such, we provide this statement explaining our online information practices and the choices you can make about the way your personal information is collected and used at The Institutes for the Achievement of Human Potential.\" \/>\n<meta name=\"robots\" content=\"index, follow, max-snippet:-1, max-image-preview:large, max-video-preview:-1\" \/>\n<link rel=\"canonical\" href=\"https:\/\/iahp.org\/es\/privacy-policy\/\" \/>\n<meta property=\"og:locale\" content=\"es_ES\" \/>\n<meta property=\"og:type\" content=\"article\" \/>\n<meta property=\"og:title\" content=\"Privacy Policy - Institutes\" \/>\n<meta property=\"og:description\" content=\"Your privacy is important to us. As such, we provide this statement explaining our online information practices and the choices you can make about the way your personal information is collected and used at The Institutes for the Achievement of Human Potential.\" \/>\n<meta property=\"og:url\" content=\"https:\/\/iahp.org\/es\/privacy-policy\/\" \/>\n<meta property=\"og:site_name\" content=\"Institutes\" \/>\n<meta property=\"article:publisher\" content=\"https:\/\/www.facebook.com\/IAHPinternational\" \/>\n<meta property=\"article:modified_time\" content=\"2024-04-03T16:16:46+00:00\" \/>\n<meta property=\"og:image\" content=\"https:\/\/iahp.org\/wp-content\/uploads\/2022\/06\/iahp.jpeg\" \/>\n\t<meta property=\"og:image:width\" content=\"1200\" \/>\n\t<meta property=\"og:image:height\" content=\"630\" \/>\n\t<meta property=\"og:image:type\" content=\"image\/jpeg\" \/>\n<meta name=\"twitter:card\" content=\"summary_large_image\" \/>\n<meta name=\"twitter:label1\" content=\"Tiempo de lectura\" \/>\n\t<meta name=\"twitter:data1\" content=\"5 minutos\" \/>\n<script type=\"application\/ld+json\" class=\"yoast-schema-graph\">{\"@context\":\"https:\\\/\\\/schema.org\",\"@graph\":[{\"@type\":\"WebPage\",\"@id\":\"https:\\\/\\\/iahp.org\\\/es\\\/privacy-policy\\\/\",\"url\":\"https:\\\/\\\/iahp.org\\\/es\\\/privacy-policy\\\/\",\"name\":\"Privacy Policy - Institutes\",\"isPartOf\":{\"@id\":\"https:\\\/\\\/iahp.org\\\/es\\\/#website\"},\"datePublished\":\"2020-06-04T18:48:45+00:00\",\"dateModified\":\"2024-04-03T16:16:46+00:00\",\"description\":\"Your privacy is important to us. As such, we provide this statement explaining our online information practices and the choices you can make about the way your personal information is collected and used at The Institutes for the Achievement of Human Potential.\",\"breadcrumb\":{\"@id\":\"https:\\\/\\\/iahp.org\\\/es\\\/privacy-policy\\\/#breadcrumb\"},\"inLanguage\":\"es\",\"potentialAction\":[{\"@type\":\"ReadAction\",\"target\":[\"https:\\\/\\\/iahp.org\\\/es\\\/privacy-policy\\\/\"]}]},{\"@type\":\"BreadcrumbList\",\"@id\":\"https:\\\/\\\/iahp.org\\\/es\\\/privacy-policy\\\/#breadcrumb\",\"itemListElement\":[{\"@type\":\"ListItem\",\"position\":1,\"name\":\"Home\",\"item\":\"https:\\\/\\\/iahp.org\\\/es\\\/\"},{\"@type\":\"ListItem\",\"position\":2,\"name\":\"Privacy Policy\"}]},{\"@type\":\"WebSite\",\"@id\":\"https:\\\/\\\/iahp.org\\\/es\\\/#website\",\"url\":\"https:\\\/\\\/iahp.org\\\/es\\\/\",\"name\":\"Institutes\",\"description\":\"The Official Website\",\"publisher\":{\"@id\":\"https:\\\/\\\/iahp.org\\\/es\\\/#organization\"},\"potentialAction\":[{\"@type\":\"SearchAction\",\"target\":{\"@type\":\"EntryPoint\",\"urlTemplate\":\"https:\\\/\\\/iahp.org\\\/es\\\/?s={search_term_string}\"},\"query-input\":{\"@type\":\"PropertyValueSpecification\",\"valueRequired\":true,\"valueName\":\"search_term_string\"}}],\"inLanguage\":\"es\"},{\"@type\":\"Organization\",\"@id\":\"https:\\\/\\\/iahp.org\\\/es\\\/#organization\",\"name\":\"The Institutes for the Achievement of Human Potential\",\"url\":\"https:\\\/\\\/iahp.org\\\/es\\\/\",\"logo\":{\"@type\":\"ImageObject\",\"inLanguage\":\"es\",\"@id\":\"https:\\\/\\\/iahp.org\\\/es\\\/#\\\/schema\\\/logo\\\/image\\\/\",\"url\":\"https:\\\/\\\/iahp.org\\\/wp-content\\\/uploads\\\/2021\\\/02\\\/iahp-logo-vector-bigger-text.svg\",\"contentUrl\":\"https:\\\/\\\/iahp.org\\\/wp-content\\\/uploads\\\/2021\\\/02\\\/iahp-logo-vector-bigger-text.svg\",\"width\":280,\"height\":76,\"caption\":\"The Institutes for the Achievement of Human Potential\"},\"image\":{\"@id\":\"https:\\\/\\\/iahp.org\\\/es\\\/#\\\/schema\\\/logo\\\/image\\\/\"},\"sameAs\":[\"https:\\\/\\\/www.facebook.com\\\/IAHPinternational\"]}]}<\/script>\n<!-- \/ Yoast SEO plugin. -->","yoast_head_json":{"title":"Privacy Policy - Institutes","description":"Your privacy is important to us. As such, we provide this statement explaining our online information practices and the choices you can make about the way your personal information is collected and used at The Institutes for the Achievement of Human Potential.","robots":{"index":"index","follow":"follow","max-snippet":"max-snippet:-1","max-image-preview":"max-image-preview:large","max-video-preview":"max-video-preview:-1"},"canonical":"https:\/\/iahp.org\/es\/privacy-policy\/","og_locale":"es_ES","og_type":"article","og_title":"Privacy Policy - Institutes","og_description":"Your privacy is important to us. As such, we provide this statement explaining our online information practices and the choices you can make about the way your personal information is collected and used at The Institutes for the Achievement of Human Potential.","og_url":"https:\/\/iahp.org\/es\/privacy-policy\/","og_site_name":"Institutes","article_publisher":"https:\/\/www.facebook.com\/IAHPinternational","article_modified_time":"2024-04-03T16:16:46+00:00","og_image":[{"width":1200,"height":630,"url":"https:\/\/iahp.org\/wp-content\/uploads\/2022\/06\/iahp.jpeg","type":"image\/jpeg"}],"twitter_card":"summary_large_image","twitter_misc":{"Tiempo de lectura":"5 minutos"},"schema":{"@context":"https:\/\/schema.org","@graph":[{"@type":"WebPage","@id":"https:\/\/iahp.org\/es\/privacy-policy\/","url":"https:\/\/iahp.org\/es\/privacy-policy\/","name":"Privacy Policy - Institutes","isPartOf":{"@id":"https:\/\/iahp.org\/es\/#website"},"datePublished":"2020-06-04T18:48:45+00:00","dateModified":"2024-04-03T16:16:46+00:00","description":"Your privacy is important to us. As such, we provide this statement explaining our online information practices and the choices you can make about the way your personal information is collected and used at The Institutes for the Achievement of Human Potential.","breadcrumb":{"@id":"https:\/\/iahp.org\/es\/privacy-policy\/#breadcrumb"},"inLanguage":"es","potentialAction":[{"@type":"ReadAction","target":["https:\/\/iahp.org\/es\/privacy-policy\/"]}]},{"@type":"BreadcrumbList","@id":"https:\/\/iahp.org\/es\/privacy-policy\/#breadcrumb","itemListElement":[{"@type":"ListItem","position":1,"name":"Home","item":"https:\/\/iahp.org\/es\/"},{"@type":"ListItem","position":2,"name":"Privacy Policy"}]},{"@type":"WebSite","@id":"https:\/\/iahp.org\/es\/#website","url":"https:\/\/iahp.org\/es\/","name":"Institutes","description":"The Official Website","publisher":{"@id":"https:\/\/iahp.org\/es\/#organization"},"potentialAction":[{"@type":"SearchAction","target":{"@type":"EntryPoint","urlTemplate":"https:\/\/iahp.org\/es\/?s={search_term_string}"},"query-input":{"@type":"PropertyValueSpecification","valueRequired":true,"valueName":"search_term_string"}}],"inLanguage":"es"},{"@type":"Organization","@id":"https:\/\/iahp.org\/es\/#organization","name":"The Institutes for the Achievement of Human Potential","url":"https:\/\/iahp.org\/es\/","logo":{"@type":"ImageObject","inLanguage":"es","@id":"https:\/\/iahp.org\/es\/#\/schema\/logo\/image\/","url":"https:\/\/iahp.org\/wp-content\/uploads\/2021\/02\/iahp-logo-vector-bigger-text.svg","contentUrl":"https:\/\/iahp.org\/wp-content\/uploads\/2021\/02\/iahp-logo-vector-bigger-text.svg","width":280,"height":76,"caption":"The Institutes for the Achievement of Human Potential"},"image":{"@id":"https:\/\/iahp.org\/es\/#\/schema\/logo\/image\/"},"sameAs":["https:\/\/www.facebook.com\/IAHPinternational"]}]}},"_links":{"self":[{"href":"https:\/\/iahp.org\/es\/wp-json\/wp\/v2\/pages\/32443","targetHints":{"allow":["GET"]}}],"collection":[{"href":"https:\/\/iahp.org\/es\/wp-json\/wp\/v2\/pages"}],"about":[{"href":"https:\/\/iahp.org\/es\/wp-json\/wp\/v2\/types\/page"}],"author":[{"embeddable":true,"href":"https:\/\/iahp.org\/es\/wp-json\/wp\/v2\/users\/2"}],"replies":[{"embeddable":true,"href":"https:\/\/iahp.org\/es\/wp-json\/wp\/v2\/comments?post=32443"}],"version-history":[{"count":6,"href":"https:\/\/iahp.org\/es\/wp-json\/wp\/v2\/pages\/32443\/revisions"}],"predecessor-version":[{"id":34118,"href":"https:\/\/iahp.org\/es\/wp-json\/wp\/v2\/pages\/32443\/revisions\/34118"}],"wp:attachment":[{"href":"https:\/\/iahp.org\/es\/wp-json\/wp\/v2\/media?parent=32443"}],"curies":[{"name":"wp","href":"https:\/\/api.w.org\/{rel}","templated":true}]}}